{"id":14,"date":"2019-04-06T14:07:56","date_gmt":"2019-04-06T12:07:56","guid":{"rendered":"http:\/\/mad-cap.de\/mc\/?page_id=14"},"modified":"2019-04-18T12:00:02","modified_gmt":"2019-04-18T10:00:02","slug":"producing","status":"publish","type":"page","link":"http:\/\/mad-cap.de\/mc\/producing\/","title":{"rendered":"Producing"},"content":{"rendered":"\r\n<h4 style=\"text-align: center;\">Beats | Produzieren | Mixing | Mastering\u00a0<\/h4>\r\n<p>Seit 1998 produziere ich f\u00fcr andere und mich. Mittlerweile in meinem ausgereiften und professionell ausgestatteten Studio &#8211; der Hitb\u00e4ckerei &#8211; im sch\u00f6nen Enger (bei Bielefeld).<\/p>\r\n\r\n\r\n\r\n<p>Willst du einen fetten Mix oder muss dein Mix den finalen Schliff (Mastering) bekommen, dann bist du bei mir richtig.<\/p>\r\n\r\n\r\n\r\n<p>Hast du Interesse an einer Zusammenarbeit, dann melde dich einfach \u00fcber das Kontaktformular.<\/p>\r\n\r\n\r\n\r\n<p>Beats und mehr Infos auf: www.art4real.de &gt; <a href=\"https:\/\/art4real.de\/wp\/studio\/\" target=\"_blank\" rel=\"noreferrer noopener\" aria-label=\"Studio (\u00f6ffnet in neuem Tab)\">Studio<\/a><\/p>\r\n\r\n\r\n\r\n<p>&nbsp;<\/p>\r\n","protected":false},"excerpt":{"rendered":"<p>Beats | Produzieren | Mixing | Mastering\u00a0 Seit 1998 produziere ich f\u00fcr andere und mich. Mittlerweile in meinem ausgereiften und professionell ausgestatteten Studio &#8211; der Hitb\u00e4ckerei &#8211; im sch\u00f6nen Enger (bei Bielefeld). Willst du einen fetten Mix oder muss dein Mix den finalen Schliff (Mastering) bekommen, dann bist du bei mir richtig. Hast du Interesse an einer Zusammenarbeit, dann melde dich einfach \u00fcber das Kontaktformular. Beats und mehr Infos auf: www.art4real.de &gt; Studio &nbsp;<\/p>\n","protected":false},"author":1,"featured_media":0,"parent":0,"menu_order":0,"comment_status":"closed","ping_status":"closed","template":"","meta":{"footnotes":""},"class_list":["post-14","page","type-page","status-publish","hentry"],"yoast_head":"<!-- This site is optimized with the Yoast SEO plugin v27.4 - https:\/\/yoast.com\/product\/yoast-seo-wordpress\/ -->\n<title>Producing - Mad Cap<\/title>\n<meta name=\"robots\" content=\"index, follow, max-snippet:-1, max-image-preview:large, max-video-preview:-1\" \/>\n<link rel=\"canonical\" href=\"http:\/\/mad-cap.de\/mc\/producing\/\" \/>\n<meta property=\"og:locale\" content=\"de_DE\" \/>\n<meta property=\"og:type\" content=\"article\" \/>\n<meta property=\"og:title\" content=\"Producing - Mad Cap\" \/>\n<meta property=\"og:description\" content=\"Beats | Produzieren | Mixing | Mastering\u00a0 Seit 1998 produziere ich f\u00fcr andere und mich. Mittlerweile in meinem ausgereiften und professionell ausgestatteten Studio &#8211; der Hitb\u00e4ckerei &#8211; im sch\u00f6nen Enger (bei Bielefeld). Willst du einen fetten Mix oder muss dein Mix den finalen Schliff (Mastering) bekommen, dann bist du bei mir richtig. Hast du Interesse an einer Zusammenarbeit, dann melde dich einfach \u00fcber das Kontaktformular. Beats und mehr Infos auf: www.art4real.de &gt; Studio &nbsp;\" \/>\n<meta property=\"og:url\" content=\"http:\/\/mad-cap.de\/mc\/producing\/\" \/>\n<meta property=\"og:site_name\" content=\"Mad Cap\" \/>\n<meta property=\"article:modified_time\" content=\"2019-04-18T10:00:02+00:00\" \/>\n<meta name=\"twitter:card\" content=\"summary_large_image\" \/>\n<script type=\"application\/ld+json\" class=\"yoast-schema-graph\">{\"@context\":\"https:\\\/\\\/schema.org\",\"@graph\":[{\"@type\":\"WebPage\",\"@id\":\"http:\\\/\\\/mad-cap.de\\\/mc\\\/producing\\\/\",\"url\":\"http:\\\/\\\/mad-cap.de\\\/mc\\\/producing\\\/\",\"name\":\"Producing - Mad Cap\",\"isPartOf\":{\"@id\":\"http:\\\/\\\/mad-cap.de\\\/mc\\\/#website\"},\"datePublished\":\"2019-04-06T12:07:56+00:00\",\"dateModified\":\"2019-04-18T10:00:02+00:00\",\"breadcrumb\":{\"@id\":\"http:\\\/\\\/mad-cap.de\\\/mc\\\/producing\\\/#breadcrumb\"},\"inLanguage\":\"de\",\"potentialAction\":[{\"@type\":\"ReadAction\",\"target\":[\"http:\\\/\\\/mad-cap.de\\\/mc\\\/producing\\\/\"]}]},{\"@type\":\"BreadcrumbList\",\"@id\":\"http:\\\/\\\/mad-cap.de\\\/mc\\\/producing\\\/#breadcrumb\",\"itemListElement\":[{\"@type\":\"ListItem\",\"position\":1,\"name\":\"Startseite\",\"item\":\"http:\\\/\\\/mad-cap.de\\\/mc\\\/\"},{\"@type\":\"ListItem\",\"position\":2,\"name\":\"Producing\"}]},{\"@type\":\"WebSite\",\"@id\":\"http:\\\/\\\/mad-cap.de\\\/mc\\\/#website\",\"url\":\"http:\\\/\\\/mad-cap.de\\\/mc\\\/\",\"name\":\"Mad Cap\",\"description\":\"www.mad-cap.de\",\"potentialAction\":[{\"@type\":\"SearchAction\",\"target\":{\"@type\":\"EntryPoint\",\"urlTemplate\":\"http:\\\/\\\/mad-cap.de\\\/mc\\\/?s={search_term_string}\"},\"query-input\":{\"@type\":\"PropertyValueSpecification\",\"valueRequired\":true,\"valueName\":\"search_term_string\"}}],\"inLanguage\":\"de\"}]}<\/script>\n<!-- \/ Yoast SEO plugin. -->","yoast_head_json":{"title":"Producing - Mad Cap","robots":{"index":"index","follow":"follow","max-snippet":"max-snippet:-1","max-image-preview":"max-image-preview:large","max-video-preview":"max-video-preview:-1"},"canonical":"http:\/\/mad-cap.de\/mc\/producing\/","og_locale":"de_DE","og_type":"article","og_title":"Producing - Mad Cap","og_description":"Beats | Produzieren | Mixing | Mastering\u00a0 Seit 1998 produziere ich f\u00fcr andere und mich. Mittlerweile in meinem ausgereiften und professionell ausgestatteten Studio &#8211; der Hitb\u00e4ckerei &#8211; im sch\u00f6nen Enger (bei Bielefeld). Willst du einen fetten Mix oder muss dein Mix den finalen Schliff (Mastering) bekommen, dann bist du bei mir richtig. Hast du Interesse an einer Zusammenarbeit, dann melde dich einfach \u00fcber das Kontaktformular. Beats und mehr Infos auf: www.art4real.de &gt; Studio &nbsp;","og_url":"http:\/\/mad-cap.de\/mc\/producing\/","og_site_name":"Mad Cap","article_modified_time":"2019-04-18T10:00:02+00:00","twitter_card":"summary_large_image","schema":{"@context":"https:\/\/schema.org","@graph":[{"@type":"WebPage","@id":"http:\/\/mad-cap.de\/mc\/producing\/","url":"http:\/\/mad-cap.de\/mc\/producing\/","name":"Producing - Mad Cap","isPartOf":{"@id":"http:\/\/mad-cap.de\/mc\/#website"},"datePublished":"2019-04-06T12:07:56+00:00","dateModified":"2019-04-18T10:00:02+00:00","breadcrumb":{"@id":"http:\/\/mad-cap.de\/mc\/producing\/#breadcrumb"},"inLanguage":"de","potentialAction":[{"@type":"ReadAction","target":["http:\/\/mad-cap.de\/mc\/producing\/"]}]},{"@type":"BreadcrumbList","@id":"http:\/\/mad-cap.de\/mc\/producing\/#breadcrumb","itemListElement":[{"@type":"ListItem","position":1,"name":"Startseite","item":"http:\/\/mad-cap.de\/mc\/"},{"@type":"ListItem","position":2,"name":"Producing"}]},{"@type":"WebSite","@id":"http:\/\/mad-cap.de\/mc\/#website","url":"http:\/\/mad-cap.de\/mc\/","name":"Mad Cap","description":"www.mad-cap.de","potentialAction":[{"@type":"SearchAction","target":{"@type":"EntryPoint","urlTemplate":"http:\/\/mad-cap.de\/mc\/?s={search_term_string}"},"query-input":{"@type":"PropertyValueSpecification","valueRequired":true,"valueName":"search_term_string"}}],"inLanguage":"de"}]}},"acf":[],"_links":{"self":[{"href":"http:\/\/mad-cap.de\/mc\/wp-json\/wp\/v2\/pages\/14","targetHints":{"allow":["GET"]}}],"collection":[{"href":"http:\/\/mad-cap.de\/mc\/wp-json\/wp\/v2\/pages"}],"about":[{"href":"http:\/\/mad-cap.de\/mc\/wp-json\/wp\/v2\/types\/page"}],"author":[{"embeddable":true,"href":"http:\/\/mad-cap.de\/mc\/wp-json\/wp\/v2\/users\/1"}],"replies":[{"embeddable":true,"href":"http:\/\/mad-cap.de\/mc\/wp-json\/wp\/v2\/comments?post=14"}],"version-history":[{"count":15,"href":"http:\/\/mad-cap.de\/mc\/wp-json\/wp\/v2\/pages\/14\/revisions"}],"predecessor-version":[{"id":219,"href":"http:\/\/mad-cap.de\/mc\/wp-json\/wp\/v2\/pages\/14\/revisions\/219"}],"wp:attachment":[{"href":"http:\/\/mad-cap.de\/mc\/wp-json\/wp\/v2\/media?parent=14"}],"curies":[{"name":"wp","href":"https:\/\/api.w.org\/{rel}","templated":true}]}}