{"id":6,"date":"2019-04-06T14:06:47","date_gmt":"2019-04-06T12:06:47","guid":{"rendered":"http:\/\/mad-cap.de\/mc\/?page_id=6"},"modified":"2019-04-17T13:05:20","modified_gmt":"2019-04-17T11:05:20","slug":"biografie","status":"publish","type":"page","link":"http:\/\/mad-cap.de\/mc\/biografie\/","title":{"rendered":"Biografie"},"content":{"rendered":"\n<h4 class=\"wp-block-heading\">Kurzvita<\/h4>\n\n\n\n<p>Seit den ersten Gehversuchen im Freestylen und im Keyboardspielen (1995\/96) ist Mad Cap nun mehr als 20 Jahren in der Hip Hop Szene aktiv. Immer auf der Suche nach Perfektion hat er als Musiker (Rapper und Produzent), Graffitik\u00fcnstler oder Veranstalter nicht nur in Bielefeld seine Spuren hinterlassen. <br><br>Nach seinen Soloalben \u201eArt 4 Real\u201c (2001) und \u201eTraumland\u201c (2005) sowie weiteren Alben als Teil der Crew Independenzia (2007 und 2008) und Plan 88 (2008) sowie vielen weiteren Kollaborationen, ist das Album REACH PEACE (2018) sein j\u00fcngstes Werk.<br><br>Mit Insgesamt \u00fcber 5000 verkauften Tontr\u00e4gern seit dem ersten Album (2001) ist Mad Cap zwar lange noch kein Star der HipHop Szene, aber f\u00fcr Fans des politisch-bewussten Rap (Conscious Rap) kein Unbekannter.<br><br>Der Auftritt mit den Bielefelder Philharmonikern (Classic meets Pop) und der Bielefelder Sieg bei der \u201eJamsession 2007\u201c mit Independenzia waren Highlights seiner musikalischen Laufbahn. Unter der Woche dirigiert Mad Cap, der hauptberuflich Lehrer ist, mittlerweile sein eigenes Klassenorchester und schreibt daf\u00fcr auch eigene Kompositionen.<\/p>\n\n\n\n<h4 class=\"wp-block-heading\">Diskografie<\/h4>\n\n\n\n<p>2002 \u201eArt 4 Real\u201c \u2013 Hitback (CD\/Tape)<br>10. 2003 \u201e\u00a7129 \u2013 Freiheit aller politischen Gefangen\u201d \u2013 Albino &amp; Madcap (CD)<br>05. 2004 \u201eGott und die Welt\u201c \u2013 MVK (CD)<br>06. 2004 \u201eOWL Rockt Tape 2\u201c \u2013 Various Artists (V.A.) (Tape)<br>08. 2004 \u201eOWL Rockt Tape 3\u201c \u2013 V.A. (Tape)<br>06. 2005 \u201eHipHop Partisan #1\u201d \u2013 V.A. (CD)<br>07. 2005 \u201eTraumland\u201d \u2013 Mad Cap (CD)<br>06. 2006 \u201eDichter &amp; Denker\u201d Sampler \u2013 V.A. (Brave Art Records)<br>09. 2006 \u201e\u00dcberlebenstraining\u201d \u2013 Albino (CD)<br>09. 2006 \u201eGraustufen\u201d \u2013 Zentrix (CD)<br>12. 2006 \u201eSchattenleben\u201d \u2013 Callya, PeatMac &amp; Soultecniques (CD)<br>04. 2007 \u201eArt 4 Real Online Sampler\u201c \u2013 V.A. (MP3 Download)<br>06. 2007 \u201eFreie Entfaltung\u201d \u2013 Independenzia (CD)<br>07. 2007 \u201e Baila Contra Pobreza Sampler\u201d \u2013 V.A. (CD)<br>12. 2007 \u201eMust Bi Told Sampler vol.2\u201d \u2013 V.A. (doppel CD)<br>06. 2008 \u201eVergessenes Feuer \u201d \u2013 Callya (CD)<br>06. 2008 \u201eMusik\u201d \u2013 Independenzia (Single)<br>07. 2008 \u201cIndependenze Day\u201d \u2013 Independenzia (CD)<br>08. 2008 \u201c88 is great\u201d \u2013 Plan 88 (Albino &amp; Mad Cap) (CD)<br>03. 2009 \u201cINDE Mixtape vol.1 -Battle meets Conscious\u201d (MP3)<br>04. 2009 \u201cBerg und Tal\u201d \u2013 Tokin One ft. Mad Cap (MP3)<br>12. 2009 \u201cArt 4 Real Hip Hop Sampler 2\u201d \u2013 V.A. (MP3)<br>09. 2011 \u201cLove Ina De House\u201d \u2013 Ras Mandingo (CD)<br>03. 2012 \u201cArt4Real meets Urban Tree Music\u201d \u2013 V.A. (MP3)<br>05. 2012 \u201cNatura Libera\u201d \u2013 Albino (CD)<br>10. 2013 \u201cAnderland\u201d \u2013 Albino (CD)<br>10. 2015 \u201cHallo\u201d \u2013 Ali Safari (CD\/MP3)<br>07. 2017 \u201cDu bist\u201d (CD\/MP3)<br>02. 2018 &#8222;Zu Hause&#8220; &#8211; Comar (Vinyl)<br>02. 2018 \u201cREACH PEACE\u201d (CD\/MP3)<\/p>\n\n\n\n<p>Eine <strong>ausf\u00fchrliche Biografie<\/strong> findest du hier: <a rel=\"noreferrer noopener\" aria-label=\"Mad Cap @ Art 4 Real (\u00f6ffnet in neuem Tab)\" href=\"https:\/\/art4real.de\/wp\/label\/artists\/madcap\/\" target=\"_blank\">Mad Cap @ Art 4 Real<\/a><\/p>\n","protected":false},"excerpt":{"rendered":"<p>Kurzvita Seit den ersten Gehversuchen im Freestylen und im Keyboardspielen (1995\/96) ist Mad Cap nun mehr als 20 Jahren in der Hip Hop Szene aktiv. Immer auf der Suche nach Perfektion hat er als Musiker (Rapper und Produzent), Graffitik\u00fcnstler oder Veranstalter nicht nur in Bielefeld seine Spuren hinterlassen. Nach seinen Soloalben \u201eArt 4 Real\u201c (2001) und \u201eTraumland\u201c (2005) sowie weiteren Alben als Teil der Crew Independenzia (2007 und 2008) und Plan 88 (2008) sowie vielen weiteren Kollaborationen, ist das Album REACH PEACE (2018) sein j\u00fcngstes Werk. Mit Insgesamt \u00fcber 5000 verkauften Tontr\u00e4gern seit dem ersten Album (2001) ist Mad Cap zwar lange noch kein Star der HipHop Szene, aber f\u00fcr Fans des politisch-bewussten Rap (Conscious Rap) kein Unbekannter. Der Auftritt mit den Bielefelder Philharmonikern (Classic meets Pop) und der Bielefelder Sieg bei der \u201eJamsession 2007\u201c mit Independenzia waren Highlights seiner musikalischen Laufbahn. Unter der Woche dirigiert Mad Cap, der hauptberuflich Lehrer ist, mittlerweile sein eigenes Klassenorchester und schreibt daf\u00fcr auch eigene Kompositionen. Diskografie 2002 \u201eArt 4 Real\u201c \u2013 Hitback (CD\/Tape)10. 2003 \u201e\u00a7129 \u2013 Freiheit aller politischen Gefangen\u201d \u2013 Albino &amp; Madcap (CD)05. 2004 \u201eGott und die Welt\u201c \u2013 MVK (CD)06. 2004 \u201eOWL Rockt Tape 2\u201c \u2013 Various Artists (V.A.) (Tape)08. 2004 \u201eOWL Rockt Tape 3\u201c \u2013 V.A. (Tape)06. 2005 \u201eHipHop Partisan #1\u201d \u2013 V.A. (CD)07. 2005 \u201eTraumland\u201d \u2013 Mad Cap (CD)06. 2006 \u201eDichter &amp; Denker\u201d Sampler \u2013 V.A. (Brave Art Records)09. 2006 \u201e\u00dcberlebenstraining\u201d \u2013 Albino (CD)09. 2006 \u201eGraustufen\u201d \u2013 Zentrix (CD)12. 2006 \u201eSchattenleben\u201d \u2013 Callya, PeatMac &amp; Soultecniques (CD)04. 2007 \u201eArt 4 Real Online Sampler\u201c \u2013 V.A. (MP3 Download)06. 2007 \u201eFreie Entfaltung\u201d \u2013 Independenzia (CD)07. 2007 \u201e Baila Contra Pobreza Sampler\u201d \u2013 V.A. (CD)12. 2007 \u201eMust Bi Told Sampler vol.2\u201d \u2013 V.A. (doppel CD)06. 2008 \u201eVergessenes Feuer \u201d \u2013 Callya (CD)06. 2008 \u201eMusik\u201d \u2013 Independenzia (Single)07. 2008 \u201cIndependenze Day\u201d \u2013 Independenzia (CD)08. 2008 \u201c88 is great\u201d \u2013 Plan 88 (Albino &amp; Mad Cap) (CD)03. 2009 \u201cINDE Mixtape vol.1 -Battle meets Conscious\u201d (MP3)04. 2009 \u201cBerg und Tal\u201d \u2013 Tokin One ft. Mad Cap (MP3)12. 2009 \u201cArt 4 Real Hip Hop Sampler 2\u201d \u2013 V.A. (MP3)09. 2011 \u201cLove Ina De House\u201d \u2013 Ras Mandingo (CD)03. 2012 \u201cArt4Real meets Urban Tree Music\u201d \u2013 V.A. (MP3)05. 2012 \u201cNatura Libera\u201d \u2013 Albino (CD)10. 2013 \u201cAnderland\u201d \u2013 Albino (CD)10. 2015 \u201cHallo\u201d \u2013 Ali Safari (CD\/MP3)07. 2017 \u201cDu bist\u201d (CD\/MP3)02. 2018 &#8222;Zu Hause&#8220; &#8211; Comar (Vinyl)02. 2018 \u201cREACH PEACE\u201d (CD\/MP3) Eine ausf\u00fchrliche Biografie findest du hier: Mad Cap @ Art 4 Real<\/p>\n","protected":false},"author":1,"featured_media":0,"parent":0,"menu_order":0,"comment_status":"closed","ping_status":"closed","template":"","meta":{"footnotes":""},"class_list":["post-6","page","type-page","status-publish","hentry"],"yoast_head":"<!-- This site is optimized with the Yoast SEO plugin v27.4 - https:\/\/yoast.com\/product\/yoast-seo-wordpress\/ -->\n<title>Biografie - Mad Cap<\/title>\n<meta name=\"robots\" content=\"index, follow, max-snippet:-1, max-image-preview:large, max-video-preview:-1\" \/>\n<link rel=\"canonical\" href=\"http:\/\/mad-cap.de\/mc\/biografie\/\" \/>\n<meta property=\"og:locale\" content=\"de_DE\" \/>\n<meta property=\"og:type\" content=\"article\" \/>\n<meta property=\"og:title\" content=\"Biografie - Mad Cap\" \/>\n<meta property=\"og:description\" content=\"Kurzvita Seit den ersten Gehversuchen im Freestylen und im Keyboardspielen (1995\/96) ist Mad Cap nun mehr als 20 Jahren in der Hip Hop Szene aktiv. Immer auf der Suche nach Perfektion hat er als Musiker (Rapper und Produzent), Graffitik\u00fcnstler oder Veranstalter nicht nur in Bielefeld seine Spuren hinterlassen. Nach seinen Soloalben \u201eArt 4 Real\u201c (2001) und \u201eTraumland\u201c (2005) sowie weiteren Alben als Teil der Crew Independenzia (2007 und 2008) und Plan 88 (2008) sowie vielen weiteren Kollaborationen, ist das Album REACH PEACE (2018) sein j\u00fcngstes Werk. Mit Insgesamt \u00fcber 5000 verkauften Tontr\u00e4gern seit dem ersten Album (2001) ist Mad Cap zwar lange noch kein Star der HipHop Szene, aber f\u00fcr Fans des politisch-bewussten Rap (Conscious Rap) kein Unbekannter. Der Auftritt mit den Bielefelder Philharmonikern (Classic meets Pop) und der Bielefelder Sieg bei der \u201eJamsession 2007\u201c mit Independenzia waren Highlights seiner musikalischen Laufbahn. Unter der Woche dirigiert Mad Cap, der hauptberuflich Lehrer ist, mittlerweile sein eigenes Klassenorchester und schreibt daf\u00fcr auch eigene Kompositionen. Diskografie 2002 \u201eArt 4 Real\u201c \u2013 Hitback (CD\/Tape)10. 2003 \u201e\u00a7129 \u2013 Freiheit aller politischen Gefangen\u201d \u2013 Albino &amp; Madcap (CD)05. 2004 \u201eGott und die Welt\u201c \u2013 MVK (CD)06. 2004 \u201eOWL Rockt Tape 2\u201c \u2013 Various Artists (V.A.) (Tape)08. 2004 \u201eOWL Rockt Tape 3\u201c \u2013 V.A. (Tape)06. 2005 \u201eHipHop Partisan #1\u201d \u2013 V.A. (CD)07. 2005 \u201eTraumland\u201d \u2013 Mad Cap (CD)06. 2006 \u201eDichter &amp; Denker\u201d Sampler \u2013 V.A. (Brave Art Records)09. 2006 \u201e\u00dcberlebenstraining\u201d \u2013 Albino (CD)09. 2006 \u201eGraustufen\u201d \u2013 Zentrix (CD)12. 2006 \u201eSchattenleben\u201d \u2013 Callya, PeatMac &amp; Soultecniques (CD)04. 2007 \u201eArt 4 Real Online Sampler\u201c \u2013 V.A. (MP3 Download)06. 2007 \u201eFreie Entfaltung\u201d \u2013 Independenzia (CD)07. 2007 \u201e Baila Contra Pobreza Sampler\u201d \u2013 V.A. (CD)12. 2007 \u201eMust Bi Told Sampler vol.2\u201d \u2013 V.A. (doppel CD)06. 2008 \u201eVergessenes Feuer \u201d \u2013 Callya (CD)06. 2008 \u201eMusik\u201d \u2013 Independenzia (Single)07. 2008 \u201cIndependenze Day\u201d \u2013 Independenzia (CD)08. 2008 \u201c88 is great\u201d \u2013 Plan 88 (Albino &amp; Mad Cap) (CD)03. 2009 \u201cINDE Mixtape vol.1 -Battle meets Conscious\u201d (MP3)04. 2009 \u201cBerg und Tal\u201d \u2013 Tokin One ft. Mad Cap (MP3)12. 2009 \u201cArt 4 Real Hip Hop Sampler 2\u201d \u2013 V.A. (MP3)09. 2011 \u201cLove Ina De House\u201d \u2013 Ras Mandingo (CD)03. 2012 \u201cArt4Real meets Urban Tree Music\u201d \u2013 V.A. (MP3)05. 2012 \u201cNatura Libera\u201d \u2013 Albino (CD)10. 2013 \u201cAnderland\u201d \u2013 Albino (CD)10. 2015 \u201cHallo\u201d \u2013 Ali Safari (CD\/MP3)07. 2017 \u201cDu bist\u201d (CD\/MP3)02. 2018 &#8222;Zu Hause&#8220; &#8211; Comar (Vinyl)02. 2018 \u201cREACH PEACE\u201d (CD\/MP3) Eine ausf\u00fchrliche Biografie findest du hier: Mad Cap @ Art 4 Real\" \/>\n<meta property=\"og:url\" content=\"http:\/\/mad-cap.de\/mc\/biografie\/\" \/>\n<meta property=\"og:site_name\" content=\"Mad Cap\" \/>\n<meta property=\"article:modified_time\" content=\"2019-04-17T11:05:20+00:00\" \/>\n<meta name=\"twitter:card\" content=\"summary_large_image\" \/>\n<meta name=\"twitter:label1\" content=\"Gesch\u00e4tzte Lesezeit\" \/>\n\t<meta name=\"twitter:data1\" content=\"2\u00a0Minuten\" \/>\n<script type=\"application\/ld+json\" class=\"yoast-schema-graph\">{\"@context\":\"https:\\\/\\\/schema.org\",\"@graph\":[{\"@type\":\"WebPage\",\"@id\":\"http:\\\/\\\/mad-cap.de\\\/mc\\\/biografie\\\/\",\"url\":\"http:\\\/\\\/mad-cap.de\\\/mc\\\/biografie\\\/\",\"name\":\"Biografie - Mad Cap\",\"isPartOf\":{\"@id\":\"http:\\\/\\\/mad-cap.de\\\/mc\\\/#website\"},\"datePublished\":\"2019-04-06T12:06:47+00:00\",\"dateModified\":\"2019-04-17T11:05:20+00:00\",\"breadcrumb\":{\"@id\":\"http:\\\/\\\/mad-cap.de\\\/mc\\\/biografie\\\/#breadcrumb\"},\"inLanguage\":\"de\",\"potentialAction\":[{\"@type\":\"ReadAction\",\"target\":[\"http:\\\/\\\/mad-cap.de\\\/mc\\\/biografie\\\/\"]}]},{\"@type\":\"BreadcrumbList\",\"@id\":\"http:\\\/\\\/mad-cap.de\\\/mc\\\/biografie\\\/#breadcrumb\",\"itemListElement\":[{\"@type\":\"ListItem\",\"position\":1,\"name\":\"Startseite\",\"item\":\"http:\\\/\\\/mad-cap.de\\\/mc\\\/\"},{\"@type\":\"ListItem\",\"position\":2,\"name\":\"Biografie\"}]},{\"@type\":\"WebSite\",\"@id\":\"http:\\\/\\\/mad-cap.de\\\/mc\\\/#website\",\"url\":\"http:\\\/\\\/mad-cap.de\\\/mc\\\/\",\"name\":\"Mad Cap\",\"description\":\"www.mad-cap.de\",\"potentialAction\":[{\"@type\":\"SearchAction\",\"target\":{\"@type\":\"EntryPoint\",\"urlTemplate\":\"http:\\\/\\\/mad-cap.de\\\/mc\\\/?s={search_term_string}\"},\"query-input\":{\"@type\":\"PropertyValueSpecification\",\"valueRequired\":true,\"valueName\":\"search_term_string\"}}],\"inLanguage\":\"de\"}]}<\/script>\n<!-- \/ Yoast SEO plugin. -->","yoast_head_json":{"title":"Biografie - Mad Cap","robots":{"index":"index","follow":"follow","max-snippet":"max-snippet:-1","max-image-preview":"max-image-preview:large","max-video-preview":"max-video-preview:-1"},"canonical":"http:\/\/mad-cap.de\/mc\/biografie\/","og_locale":"de_DE","og_type":"article","og_title":"Biografie - Mad Cap","og_description":"Kurzvita Seit den ersten Gehversuchen im Freestylen und im Keyboardspielen (1995\/96) ist Mad Cap nun mehr als 20 Jahren in der Hip Hop Szene aktiv. Immer auf der Suche nach Perfektion hat er als Musiker (Rapper und Produzent), Graffitik\u00fcnstler oder Veranstalter nicht nur in Bielefeld seine Spuren hinterlassen. Nach seinen Soloalben \u201eArt 4 Real\u201c (2001) und \u201eTraumland\u201c (2005) sowie weiteren Alben als Teil der Crew Independenzia (2007 und 2008) und Plan 88 (2008) sowie vielen weiteren Kollaborationen, ist das Album REACH PEACE (2018) sein j\u00fcngstes Werk. Mit Insgesamt \u00fcber 5000 verkauften Tontr\u00e4gern seit dem ersten Album (2001) ist Mad Cap zwar lange noch kein Star der HipHop Szene, aber f\u00fcr Fans des politisch-bewussten Rap (Conscious Rap) kein Unbekannter. Der Auftritt mit den Bielefelder Philharmonikern (Classic meets Pop) und der Bielefelder Sieg bei der \u201eJamsession 2007\u201c mit Independenzia waren Highlights seiner musikalischen Laufbahn. Unter der Woche dirigiert Mad Cap, der hauptberuflich Lehrer ist, mittlerweile sein eigenes Klassenorchester und schreibt daf\u00fcr auch eigene Kompositionen. Diskografie 2002 \u201eArt 4 Real\u201c \u2013 Hitback (CD\/Tape)10. 2003 \u201e\u00a7129 \u2013 Freiheit aller politischen Gefangen\u201d \u2013 Albino &amp; Madcap (CD)05. 2004 \u201eGott und die Welt\u201c \u2013 MVK (CD)06. 2004 \u201eOWL Rockt Tape 2\u201c \u2013 Various Artists (V.A.) (Tape)08. 2004 \u201eOWL Rockt Tape 3\u201c \u2013 V.A. (Tape)06. 2005 \u201eHipHop Partisan #1\u201d \u2013 V.A. (CD)07. 2005 \u201eTraumland\u201d \u2013 Mad Cap (CD)06. 2006 \u201eDichter &amp; Denker\u201d Sampler \u2013 V.A. (Brave Art Records)09. 2006 \u201e\u00dcberlebenstraining\u201d \u2013 Albino (CD)09. 2006 \u201eGraustufen\u201d \u2013 Zentrix (CD)12. 2006 \u201eSchattenleben\u201d \u2013 Callya, PeatMac &amp; Soultecniques (CD)04. 2007 \u201eArt 4 Real Online Sampler\u201c \u2013 V.A. (MP3 Download)06. 2007 \u201eFreie Entfaltung\u201d \u2013 Independenzia (CD)07. 2007 \u201e Baila Contra Pobreza Sampler\u201d \u2013 V.A. (CD)12. 2007 \u201eMust Bi Told Sampler vol.2\u201d \u2013 V.A. (doppel CD)06. 2008 \u201eVergessenes Feuer \u201d \u2013 Callya (CD)06. 2008 \u201eMusik\u201d \u2013 Independenzia (Single)07. 2008 \u201cIndependenze Day\u201d \u2013 Independenzia (CD)08. 2008 \u201c88 is great\u201d \u2013 Plan 88 (Albino &amp; Mad Cap) (CD)03. 2009 \u201cINDE Mixtape vol.1 -Battle meets Conscious\u201d (MP3)04. 2009 \u201cBerg und Tal\u201d \u2013 Tokin One ft. Mad Cap (MP3)12. 2009 \u201cArt 4 Real Hip Hop Sampler 2\u201d \u2013 V.A. (MP3)09. 2011 \u201cLove Ina De House\u201d \u2013 Ras Mandingo (CD)03. 2012 \u201cArt4Real meets Urban Tree Music\u201d \u2013 V.A. (MP3)05. 2012 \u201cNatura Libera\u201d \u2013 Albino (CD)10. 2013 \u201cAnderland\u201d \u2013 Albino (CD)10. 2015 \u201cHallo\u201d \u2013 Ali Safari (CD\/MP3)07. 2017 \u201cDu bist\u201d (CD\/MP3)02. 2018 &#8222;Zu Hause&#8220; &#8211; Comar (Vinyl)02. 2018 \u201cREACH PEACE\u201d (CD\/MP3) Eine ausf\u00fchrliche Biografie findest du hier: Mad Cap @ Art 4 Real","og_url":"http:\/\/mad-cap.de\/mc\/biografie\/","og_site_name":"Mad Cap","article_modified_time":"2019-04-17T11:05:20+00:00","twitter_card":"summary_large_image","twitter_misc":{"Gesch\u00e4tzte Lesezeit":"2\u00a0Minuten"},"schema":{"@context":"https:\/\/schema.org","@graph":[{"@type":"WebPage","@id":"http:\/\/mad-cap.de\/mc\/biografie\/","url":"http:\/\/mad-cap.de\/mc\/biografie\/","name":"Biografie - Mad Cap","isPartOf":{"@id":"http:\/\/mad-cap.de\/mc\/#website"},"datePublished":"2019-04-06T12:06:47+00:00","dateModified":"2019-04-17T11:05:20+00:00","breadcrumb":{"@id":"http:\/\/mad-cap.de\/mc\/biografie\/#breadcrumb"},"inLanguage":"de","potentialAction":[{"@type":"ReadAction","target":["http:\/\/mad-cap.de\/mc\/biografie\/"]}]},{"@type":"BreadcrumbList","@id":"http:\/\/mad-cap.de\/mc\/biografie\/#breadcrumb","itemListElement":[{"@type":"ListItem","position":1,"name":"Startseite","item":"http:\/\/mad-cap.de\/mc\/"},{"@type":"ListItem","position":2,"name":"Biografie"}]},{"@type":"WebSite","@id":"http:\/\/mad-cap.de\/mc\/#website","url":"http:\/\/mad-cap.de\/mc\/","name":"Mad Cap","description":"www.mad-cap.de","potentialAction":[{"@type":"SearchAction","target":{"@type":"EntryPoint","urlTemplate":"http:\/\/mad-cap.de\/mc\/?s={search_term_string}"},"query-input":{"@type":"PropertyValueSpecification","valueRequired":true,"valueName":"search_term_string"}}],"inLanguage":"de"}]}},"acf":[],"_links":{"self":[{"href":"http:\/\/mad-cap.de\/mc\/wp-json\/wp\/v2\/pages\/6","targetHints":{"allow":["GET"]}}],"collection":[{"href":"http:\/\/mad-cap.de\/mc\/wp-json\/wp\/v2\/pages"}],"about":[{"href":"http:\/\/mad-cap.de\/mc\/wp-json\/wp\/v2\/types\/page"}],"author":[{"embeddable":true,"href":"http:\/\/mad-cap.de\/mc\/wp-json\/wp\/v2\/users\/1"}],"replies":[{"embeddable":true,"href":"http:\/\/mad-cap.de\/mc\/wp-json\/wp\/v2\/comments?post=6"}],"version-history":[{"count":6,"href":"http:\/\/mad-cap.de\/mc\/wp-json\/wp\/v2\/pages\/6\/revisions"}],"predecessor-version":[{"id":137,"href":"http:\/\/mad-cap.de\/mc\/wp-json\/wp\/v2\/pages\/6\/revisions\/137"}],"wp:attachment":[{"href":"http:\/\/mad-cap.de\/mc\/wp-json\/wp\/v2\/media?parent=6"}],"curies":[{"name":"wp","href":"https:\/\/api.w.org\/{rel}","templated":true}]}}